{"id":163,"date":"2023-05-23T03:06:31","date_gmt":"2023-05-23T03:06:31","guid":{"rendered":"https:\/\/www.jnodenergy.com\/?page_id=163"},"modified":"2025-05-21T09:18:58","modified_gmt":"2025-05-21T09:18:58","slug":"contact-us","status":"publish","type":"page","link":"https:\/\/www.jnodenergy.com\/es\/contacto\/","title":{"rendered":"Cont\u00e1ctanos"},"content":{"rendered":"<div data-elementor-type=\"wp-page\" data-elementor-id=\"163\" class=\"elementor elementor-163\" data-elementor-post-type=\"page\">\n\t\t\t\t\t\t<section class=\"elementor-section elementor-top-section elementor-element elementor-element-fd59276 elementor-section-height-min-height elementor-section-boxed elementor-section-height-default elementor-section-items-middle\" data-id=\"fd59276\" data-element_type=\"section\" data-settings=\"{&quot;background_background&quot;:&quot;classic&quot;}\">\n\t\t\t\t\t\t\t<div class=\"elementor-background-overlay\"><\/div>\n\t\t\t\t\t\t\t<div class=\"elementor-container elementor-column-gap-default\">\n\t\t\t\t\t<div class=\"elementor-column elementor-col-100 elementor-top-column elementor-element elementor-element-036ec5f\" data-id=\"036ec5f\" data-element_type=\"column\">\n\t\t\t<div class=\"elementor-widget-wrap elementor-element-populated\">\n\t\t\t\t\t\t<div class=\"elementor-element elementor-element-059233f elementor-widget elementor-widget-theme-post-title elementor-page-title elementor-widget-heading\" data-id=\"059233f\" data-element_type=\"widget\" data-widget_type=\"theme-post-title.default\">\n\t\t\t\t<div class=\"elementor-widget-container\">\n\t\t\t<style>\/*! elementor - v3.22.0 - 26-06-2024 *\/\n.elementor-heading-title{padding:0;margin:0;line-height:1}.elementor-widget-heading .elementor-heading-title[class*=elementor-size-]>a{color:inherit;font-size:inherit;line-height:inherit}.elementor-widget-heading .elementor-heading-title.elementor-size-small{font-size:15px}.elementor-widget-heading .elementor-heading-title.elementor-size-medium{font-size:19px}.elementor-widget-heading .elementor-heading-title.elementor-size-large{font-size:29px}.elementor-widget-heading .elementor-heading-title.elementor-size-xl{font-size:39px}.elementor-widget-heading .elementor-heading-title.elementor-size-xxl{font-size:59px}<\/style><h1 class=\"elementor-heading-title elementor-size-default\">Cont\u00e1ctanos<\/h1>\t\t<\/div>\n\t\t\t\t<\/div>\n\t\t\t\t\t<\/div>\n\t\t<\/div>\n\t\t\t\t\t<\/div>\n\t\t<\/section>\n\t\t\t\t<section class=\"elementor-section elementor-top-section elementor-element elementor-element-60d912e elementor-section-boxed elementor-section-height-default elementor-section-height-default\" data-id=\"60d912e\" data-element_type=\"section\">\n\t\t\t\t\t\t<div class=\"elementor-container elementor-column-gap-default\">\n\t\t\t\t\t<div class=\"elementor-column elementor-col-100 elementor-top-column elementor-element elementor-element-572ede4\" data-id=\"572ede4\" data-element_type=\"column\">\n\t\t\t<div class=\"elementor-widget-wrap elementor-element-populated\">\n\t\t\t\t\t\t<div class=\"elementor-element elementor-element-995a015 elementor-widget elementor-widget-MML Breadcrumbs\" data-id=\"995a015\" data-element_type=\"widget\" data-settings=\"{&quot;breadcrumbs_type&quot;:&quot;post_type&quot;}\" data-widget_type=\"MML Breadcrumbs.default\">\n\t\t\t\t<div class=\"elementor-widget-container\">\n\t\t\t<ul class=\"pp-breadcrumbs pp-breadcrumbs-powerpack\">        <li class=\"pp-breadcrumbs-item pp-breadcrumbs-item-home\">\n            <a class=\"pp-breadcrumbs-crumb pp-breadcrumbs-crumb-link pp-breadcrumbs-crumb-home\" href=\"https:\/\/www.jnodenergy.com\/es\" title=\"Inicio\">\n\t\t\t\t<span class=\"pp-breadcrumbs-text\">\n\t\t\t\t\t                    Inicio\t\t\t\t<\/span>\n            <\/a>\n        <\/li>\n        <li class=\"pp-breadcrumbs-separator\">                <span class='pp-separator-icon pp-icon'>\n\t\t\t\t\t<i aria-hidden=\"true\" class=\"fas fa-angle-right\"><\/i>\t\t\t\t<\/span>\n                <\/li><\/ul>\t\t<\/div>\n\t\t\t\t<\/div>\n\t\t\t\t\t<\/div>\n\t\t<\/div>\n\t\t\t\t\t<\/div>\n\t\t<\/section>\n\t\t\t\t<section class=\"elementor-section elementor-top-section elementor-element elementor-element-f2539e6 elementor-section-boxed elementor-section-height-default elementor-section-height-default\" data-id=\"f2539e6\" data-element_type=\"section\">\n\t\t\t\t\t\t<div class=\"elementor-container elementor-column-gap-default\">\n\t\t\t\t\t<div class=\"elementor-column elementor-col-50 elementor-top-column elementor-element elementor-element-5c72302\" data-id=\"5c72302\" data-element_type=\"column\">\n\t\t\t<div class=\"elementor-widget-wrap elementor-element-populated\">\n\t\t\t\t\t\t<div class=\"elementor-element elementor-element-4d58370 elementor-widget elementor-widget-heading\" data-id=\"4d58370\" data-element_type=\"widget\" data-widget_type=\"heading.default\">\n\t\t\t\t<div class=\"elementor-widget-container\">\n\t\t\t<h2 class=\"elementor-heading-title elementor-size-default\">Lleve su empresa al siguiente nivel con JNOD<\/h2>\t\t<\/div>\n\t\t\t\t<\/div>\n\t\t\t\t<div class=\"elementor-element elementor-element-203d4a9 pp-icon-list-traditional elementor-list-item-link-inline pp-icon-left elementor-widget elementor-widget-pp-icon-list\" data-id=\"203d4a9\" data-element_type=\"widget\" data-widget_type=\"pp-icon-list.default\">\n\t\t\t\t<div class=\"elementor-widget-container\">\n\t\t\t\t\t<div class=\"pp-list-container\">\n\t\t\t<ul class=\"pp-list-items\">\n\t\t\t\t\t\t\t\t\t\t\t\t\t\t\t\t\t\t\t\t\t<li class=\"pp-icon-list-item elementor-repeater-item-a1f73ac\">\n\t\t\t\t\t\t\t\t\t\t<span class=\"pp-icon-wrapper\">\n\t\t\t\t\t\t\t\t\t\t<span class=\"pp-icon-list-icon pp-icon\">\n\t\t\t\t\t\t<i aria-hidden=\"true\" class=\"fas fa-check\"><\/i><\/span>\t\t\t<\/span>\n\t\t\t\t\t\t\t\t\t\t<span class=\"pp-icon-list-text\">\n\t\t\t\t\t\t\t\tUna gama completa de bombas de calor y soluciones de calefacci\u00f3n residencial y comercial, todo en uno para satisfacer sus necesidades.\t\t\t\t\t\t\t<\/span>\n\t\t\t\t\t\t\t\t\t\t\t\t\t<\/li>\n\t\t\t\t\t\t\t\t\t\t\t\t\t\t\t\t\t\t\t\t\t\t\t\t\t\t\t<li class=\"pp-icon-list-item elementor-repeater-item-f260994\">\n\t\t\t\t\t\t\t\t\t\t<span class=\"pp-icon-wrapper\">\n\t\t\t\t\t\t\t\t\t\t<span class=\"pp-icon-list-icon pp-icon\">\n\t\t\t\t\t\t<i aria-hidden=\"true\" class=\"fas fa-check\"><\/i><\/span>\t\t\t<\/span>\n\t\t\t\t\t\t\t\t\t\t<span class=\"pp-icon-list-text\">\n\t\t\t\t\t\t\t\tPlazo de entrega garantizado gracias a una cadena de suministro fluida e instalaciones de producci\u00f3n totalmente automatizadas.\t\t\t\t\t\t\t<\/span>\n\t\t\t\t\t\t\t\t\t\t\t\t\t<\/li>\n\t\t\t\t\t\t\t\t\t\t\t\t\t\t\t\t\t\t\t\t\t\t\t\t\t\t\t<li class=\"pp-icon-list-item elementor-repeater-item-f3a570e\">\n\t\t\t\t\t\t\t\t\t\t<span class=\"pp-icon-wrapper\">\n\t\t\t\t\t\t\t\t\t\t<span class=\"pp-icon-list-icon pp-icon\">\n\t\t\t\t\t\t<i aria-hidden=\"true\" class=\"fas fa-check\"><\/i><\/span>\t\t\t<\/span>\n\t\t\t\t\t\t\t\t\t\t<span class=\"pp-icon-list-text\">\n\t\t\t\t\t\t\t\tCon un estricto sistema de control de calidad, nos aseguramos de que s\u00f3lo reciba productos de bomba de calor de alta calidad.\t\t\t\t\t\t\t<\/span>\n\t\t\t\t\t\t\t\t\t\t\t\t\t<\/li>\n\t\t\t\t\t\t\t\t\t\t\t\t\t\t\t\t\t\t\t\t\t\t\t\t\t\t\t<li class=\"pp-icon-list-item elementor-repeater-item-164f499\">\n\t\t\t\t\t\t\t\t\t\t<span class=\"pp-icon-wrapper\">\n\t\t\t\t\t\t\t\t\t\t<span class=\"pp-icon-list-icon pp-icon\">\n\t\t\t\t\t\t<i aria-hidden=\"true\" class=\"fas fa-check\"><\/i><\/span>\t\t\t<\/span>\n\t\t\t\t\t\t\t\t\t\t<span class=\"pp-icon-list-text\">\n\t\t\t\t\t\t\t\tEl servicio al cliente de principio a fin recorrer\u00e1 todo el proceso de nuestra cooperaci\u00f3n, incluso despu\u00e9s de la venta.\t\t\t\t\t\t\t<\/span>\n\t\t\t\t\t\t\t\t\t\t\t\t\t<\/li>\n\t\t\t\t\t\t\t\t\t\t\t\t\t<\/ul>\n\t\t<\/div>\n\t\t\t\t<\/div>\n\t\t\t\t<\/div>\n\t\t\t\t\t<\/div>\n\t\t<\/div>\n\t\t\t\t<div class=\"elementor-column elementor-col-50 elementor-top-column elementor-element elementor-element-68e3c64\" data-id=\"68e3c64\" data-element_type=\"column\" data-settings=\"{&quot;background_background&quot;:&quot;classic&quot;}\">\n\t\t\t<div class=\"elementor-widget-wrap elementor-element-populated\">\n\t\t\t\t\t\t<div class=\"elementor-element elementor-element-198d903 elementor-widget elementor-widget-mml_cf7\" data-id=\"198d903\" data-element_type=\"widget\" data-widget_type=\"mml_cf7.default\">\n\t\t\t\t<div class=\"elementor-widget-container\">\n\t\t\t\t\t<style>\n\t\t\t.elementor-element-198d903 label {\n\t\t\t\tdisplay: block;\n\t\t\t}\n\t\t\t.elementor-element-198d903 .mml-cf7-row {\n\t\t\t\tdisplay: flex;\n\t\t\t}\n\t\t\t@media (max-width: 768px) {\n\t\t\t\t.elementor-element-198d903 .mml-cf7-row {\n\t\t\t\t\tdisplay: block;\n\t\t\t\t}\n\t\t\t}\n\t\t\t.elementor-element-198d903 .mml-cf7-col {\n\t\t\t\tflex: 1;\n\t\t\t}\n\t\t\t.elementor-element-198d903 input[type=\"submit\"] {\n\t\t\t\tborder: none;\n\t\t\t}\n\t\t\t.elementor-element-198d903 select {\n\t\t\t\twidth: 100%;\n\t\t\t}\n\t\t\t.elementor-element-198d903 .col-field-button {\n\t\t\t\ttext-align: ;\n\t\t\t}\n\t\t\t\/* form.submitting .wpcf7-spinner *\/\n\t\t\t.elementor-element-198d903 .wpcf7-spinner {\n\t\t\t\tdisplay: block;\n\t\t\t\tmargin-top: 10px;\n\t\t\t}\n\t\t\t.elementor-element-198d903 .wpcf7-list-item.first {\n\t\t\t\tmargin-left: 0;\n\t\t\t}\n\t\t<\/style>\n\t\t\n<div class=\"wpcf7 no-js\" id=\"wpcf7-f6524-o1\" lang=\"en-US\" dir=\"ltr\" data-wpcf7-id=\"6524\">\n<div class=\"screen-reader-response\"><p role=\"status\" aria-live=\"polite\" aria-atomic=\"true\"><\/p> <ul><\/ul><\/div>\n<form action=\"\/wp-json\/wp\/v2\/pages\/163\" method=\"post\" class=\"wpcf7-form init\" aria-label=\"Formulario de contacto\" novalidate=\"novalidate\" data-status=\"init\" data-trp-original-action=\"\/es\/wp-json\/wp\/v2\/pages\/163#wpcf7-f6524-o1\">\n<div style=\"display: none;\">\n<input type=\"hidden\" name=\"_wpcf7\" value=\"6524\" \/>\n<input type=\"hidden\" name=\"_wpcf7_version\" value=\"6.0.6\" \/>\n<input type=\"hidden\" name=\"_wpcf7_locale\" value=\"en_US\" \/>\n<input type=\"hidden\" name=\"_wpcf7_unit_tag\" value=\"wpcf7-f6524-o1\" \/>\n<input type=\"hidden\" name=\"_wpcf7_container_post\" value=\"0\" \/>\n<input type=\"hidden\" name=\"_wpcf7_posted_data_hash\" value=\"\" \/>\n<\/div>\n<div class=\"mml-cf7-row column_count_1\">\n\t<div class=\"mml-cf7-col col-field-text\">\n\t\t<p><label>Nombre<\/label><span class=\"wpcf7-form-control-wrap\" data-name=\"your-name\"><input size=\"40\" maxlength=\"400\" class=\"wpcf7-form-control wpcf7-text wpcf7-validates-as-required\" aria-required=\"true\" aria-invalid=\"false\" placeholder=\"Su nombre\" value=\"\" type=\"text\" name=\"your-name\" \/><\/span>\n\t\t<\/p>\n\t<\/div>\n<\/div>\n<div class=\"mml-cf7-row column_count_1\">\n\t<div class=\"mml-cf7-col col-field-text\">\n\t\t<p><label>WhatsApp\/Tel\u00e9fono<\/label><span class=\"wpcf7-form-control-wrap\" data-name=\"whatsApp-telephone\"><input size=\"40\" maxlength=\"400\" class=\"wpcf7-form-control wpcf7-text wpcf7-validates-as-required\" aria-required=\"true\" aria-invalid=\"false\" placeholder=\"WhatsApp\/Tel\u00e9fono\" value=\"\" type=\"text\" name=\"whatsApp-telephone\" \/><\/span>\n\t\t<\/p>\n\t<\/div>\n<\/div>\n<div class=\"mml-cf7-row column_count_1\">\n\t<div class=\"mml-cf7-col col-field-email\">\n\t\t<p><label>Correo electr\u00f3nico<\/label><span class=\"wpcf7-form-control-wrap\" data-name=\"your-email\"><input size=\"40\" maxlength=\"400\" class=\"wpcf7-form-control wpcf7-email wpcf7-validates-as-required wpcf7-text wpcf7-validates-as-email\" aria-required=\"true\" aria-invalid=\"false\" placeholder=\"Su correo electr\u00f3nico\" value=\"\" type=\"email\" name=\"your-email\" \/><\/span>\n\t\t<\/p>\n\t<\/div>\n<\/div>\n<div class=\"mml-cf7-row column_count_1\">\n\t<div class=\"mml-cf7-col col-field-textarea\">\n\t\t<p><label>Mensaje<\/label><span class=\"wpcf7-form-control-wrap\" data-name=\"your-message\"><textarea cols=\"40\" rows=\"10\" maxlength=\"2000\" class=\"wpcf7-form-control wpcf7-textarea wpcf7-validates-as-required\" aria-required=\"true\" aria-invalid=\"false\" placeholder=\"Su mensaje\" name=\"your-message\"><\/textarea><\/span>\n\t\t<\/p>\n\t<\/div>\n<\/div>\n<div class=\"mml-cf7-row column_count_1\">\n\t<div class=\"mml-cf7-col col-field-button\">\n\t\t<p><input class=\"wpcf7-form-control wpcf7-submit has-spinner\" type=\"submit\" value=\"Enviar\" \/>\n\t\t<\/p>\n\t<\/div>\n<\/div><p style=\"display: none !important;\" class=\"akismet-fields-container\" data-prefix=\"_wpcf7_ak_\"><label>&#916;<textarea name=\"_wpcf7_ak_hp_textarea\" cols=\"45\" rows=\"8\" maxlength=\"100\"><\/textarea><\/label><input type=\"hidden\" id=\"ak_js_1\" name=\"_wpcf7_ak_js\" value=\"7\"\/><script>document.getElementById( \"ak_js_1\" ).setAttribute( \"value\", ( new Date() ).getTime() );<\/script><\/p><div class=\"wpcf7-response-output\" aria-hidden=\"true\"><\/div>\n<input type=\"hidden\" name=\"trp-form-language\" value=\"es\"\/><\/form>\n<\/div>\n\t\t<\/div>\n\t\t\t\t<\/div>\n\t\t\t\t\t<\/div>\n\t\t<\/div>\n\t\t\t\t\t<\/div>\n\t\t<\/section>\n\t\t\t\t<section class=\"elementor-section elementor-top-section elementor-element elementor-element-409021a elementor-section-boxed elementor-section-height-default elementor-section-height-default\" data-id=\"409021a\" data-element_type=\"section\">\n\t\t\t\t\t\t<div class=\"elementor-container elementor-column-gap-default\">\n\t\t\t\t\t<div class=\"elementor-column elementor-col-100 elementor-top-column elementor-element elementor-element-2213946\" data-id=\"2213946\" data-element_type=\"column\">\n\t\t\t<div class=\"elementor-widget-wrap elementor-element-populated\">\n\t\t\t\t\t\t<div class=\"elementor-element elementor-element-4225a1e elementor-widget elementor-widget-google_maps\" data-id=\"4225a1e\" data-element_type=\"widget\" data-widget_type=\"google_maps.default\">\n\t\t\t\t<div class=\"elementor-widget-container\">\n\t\t\t<style>\/*! elementor - v3.22.0 - 26-06-2024 *\/\n.elementor-widget-google_maps .elementor-widget-container{overflow:hidden}.elementor-widget-google_maps .elementor-custom-embed{line-height:0}.elementor-widget-google_maps iframe{height:300px}<\/style>\t\t<div class=\"elementor-custom-embed\">\n\t\t\t<iframe loading=\"lazy\"\n\t\t\t\t\tsrc=\"https:\/\/maps.google.com\/maps?q=Room%20701%2C%20Building%205%2C%20Shunde%20Zhifu%20Park%2C%20No.%208%2C%20Erhuan%20Road%2C%20Xingtan%20Town%2C%20Foshan%2C%20Guangdong%2C%20China&#038;t=m&#038;z=10&#038;output=embed&#038;iwloc=near\"\n\t\t\t\t\ttitle=\"Oficina 701, Edificio 5, Parque Shunde Zhifu, No. 8, Erhuan Road, Xingtan Town, Foshan, Guangdong, China\"\n\t\t\t\t\taria-label=\"Oficina 701, Edificio 5, Parque Shunde Zhifu, No. 8, Erhuan Road, Xingtan Town, Foshan, Guangdong, China\"\n\t\t\t><\/iframe>\n\t\t<\/div>\n\t\t\t\t<\/div>\n\t\t\t\t<\/div>\n\t\t\t\t\t<\/div>\n\t\t<\/div>\n\t\t\t\t\t<\/div>\n\t\t<\/section>\n\t\t\t\t<\/div>","protected":false},"excerpt":{"rendered":"<p>Inicio Lleve su negocio al siguiente nivel con JNOD Una gama completa de bombas de calor y soluciones de calefacci\u00f3n residencial y comercial, todo en uno para satisfacer sus necesidades. Plazo de entrega garantizado gracias a una cadena de suministro fluida y a unas instalaciones de producci\u00f3n totalmente automatizadas. Con un estricto sistema de control de calidad, nos aseguramos de que usted reciba s\u00f3lo [...]<\/p>","protected":false},"author":5,"featured_media":1778,"parent":0,"menu_order":0,"comment_status":"closed","ping_status":"closed","template":"","meta":{"_acf_changed":false,"footnotes":""},"class_list":["post-163","page","type-page","status-publish","has-post-thumbnail","hentry"],"acf":[],"yoast_head":"<!-- This site is optimized with the Yoast SEO plugin v23.0 - https:\/\/yoast.com\/wordpress\/plugins\/seo\/ -->\n<title>Elevating Businesses, One Heat Pump at a Time | JNOD<\/title>\n<meta name=\"description\" content=\"Trust the experts at JNOD to provide world-class heat pumps and support from beginning to end. Superior R&amp;D. Strict SC. Request a quote today.\" \/>\n<meta name=\"robots\" content=\"index, follow, max-snippet:-1, max-image-preview:large, max-video-preview:-1\" \/>\n<link rel=\"canonical\" href=\"https:\/\/www.jnodenergy.com\/es\/contacto\/\" \/>\n<meta property=\"og:locale\" content=\"es_ES\" \/>\n<meta property=\"og:type\" content=\"article\" \/>\n<meta property=\"og:title\" content=\"Elevating Businesses, One Heat Pump at a Time | JNOD\" \/>\n<meta property=\"og:description\" content=\"Trust the experts at JNOD to provide world-class heat pumps and support from beginning to end. Superior R&amp;D. Strict SC. Request a quote today.\" \/>\n<meta property=\"og:url\" content=\"https:\/\/www.jnodenergy.com\/es\/contacto\/\" \/>\n<meta property=\"og:site_name\" content=\"jnodheatpump\" \/>\n<meta property=\"article:modified_time\" content=\"2025-05-21T09:18:58+00:00\" \/>\n<meta property=\"og:image\" content=\"https:\/\/www.jnodenergy.com\/wp-content\/uploads\/2023\/08\/R32-Mini-Heat-Pump-for-Small-Swimming-Pool-107-e1726814126975.jpg\" \/>\n\t<meta property=\"og:image:width\" content=\"950\" \/>\n\t<meta property=\"og:image:height\" content=\"339\" \/>\n\t<meta property=\"og:image:type\" content=\"image\/jpeg\" \/>\n<meta name=\"twitter:card\" content=\"summary_large_image\" \/>\n<meta name=\"twitter:label1\" content=\"Tiempo de lectura\" \/>\n\t<meta name=\"twitter:data1\" content=\"1 minuto\" \/>\n<script type=\"application\/ld+json\" class=\"yoast-schema-graph\">{\"@context\":\"https:\/\/schema.org\",\"@graph\":[{\"@type\":\"WebPage\",\"@id\":\"https:\/\/www.jnodenergy.com\/contact-us\/\",\"url\":\"https:\/\/www.jnodenergy.com\/contact-us\/\",\"name\":\"Elevating Businesses, One Heat Pump at a Time | JNOD\",\"isPartOf\":{\"@id\":\"https:\/\/www.jnodenergy.com\/#website\"},\"primaryImageOfPage\":{\"@id\":\"https:\/\/www.jnodenergy.com\/contact-us\/#primaryimage\"},\"image\":{\"@id\":\"https:\/\/www.jnodenergy.com\/contact-us\/#primaryimage\"},\"thumbnailUrl\":\"https:\/\/www.jnodenergy.com\/wp-content\/uploads\/2023\/08\/R32-Mini-Heat-Pump-for-Small-Swimming-Pool-107-e1726814126975.jpg\",\"datePublished\":\"2023-05-23T03:06:31+00:00\",\"dateModified\":\"2025-05-21T09:18:58+00:00\",\"description\":\"Trust the experts at JNOD to provide world-class heat pumps and support from beginning to end. Superior R&D. Strict SC. Request a quote today.\",\"breadcrumb\":{\"@id\":\"https:\/\/www.jnodenergy.com\/contact-us\/#breadcrumb\"},\"inLanguage\":\"es\",\"potentialAction\":[{\"@type\":\"ReadAction\",\"target\":[\"https:\/\/www.jnodenergy.com\/contact-us\/\"]}]},{\"@type\":\"ImageObject\",\"inLanguage\":\"es\",\"@id\":\"https:\/\/www.jnodenergy.com\/contact-us\/#primaryimage\",\"url\":\"https:\/\/www.jnodenergy.com\/wp-content\/uploads\/2023\/08\/R32-Mini-Heat-Pump-for-Small-Swimming-Pool-107-e1726814126975.jpg\",\"contentUrl\":\"https:\/\/www.jnodenergy.com\/wp-content\/uploads\/2023\/08\/R32-Mini-Heat-Pump-for-Small-Swimming-Pool-107-e1726814126975.jpg\",\"width\":950,\"height\":339,\"caption\":\"R32 Mini Heat Pump for Small Swimming Pool 107\"},{\"@type\":\"BreadcrumbList\",\"@id\":\"https:\/\/www.jnodenergy.com\/contact-us\/#breadcrumb\",\"itemListElement\":[{\"@type\":\"ListItem\",\"position\":1,\"name\":\"Home\",\"item\":\"https:\/\/www.jnodenergy.com\/\"},{\"@type\":\"ListItem\",\"position\":2,\"name\":\"Contact Us\"}]},{\"@type\":\"WebSite\",\"@id\":\"https:\/\/www.jnodenergy.com\/#website\",\"url\":\"https:\/\/www.jnodenergy.com\/\",\"name\":\"jnodheatpump\",\"description\":\"\",\"potentialAction\":[{\"@type\":\"SearchAction\",\"target\":{\"@type\":\"EntryPoint\",\"urlTemplate\":\"https:\/\/www.jnodenergy.com\/?s={search_term_string}\"},\"query-input\":\"required name=search_term_string\"}],\"inLanguage\":\"es\"}]}<\/script>\n<!-- \/ Yoast SEO plugin. -->","yoast_head_json":{"title":"Elevating Businesses, One Heat Pump at a Time | JNOD","description":"Trust the experts at JNOD to provide world-class heat pumps and support from beginning to end. Superior R&D. Strict SC. Request a quote today.","robots":{"index":"index","follow":"follow","max-snippet":"max-snippet:-1","max-image-preview":"max-image-preview:large","max-video-preview":"max-video-preview:-1"},"canonical":"https:\/\/www.jnodenergy.com\/es\/contacto\/","og_locale":"es_ES","og_type":"article","og_title":"Elevating Businesses, One Heat Pump at a Time | JNOD","og_description":"Trust the experts at JNOD to provide world-class heat pumps and support from beginning to end. Superior R&D. Strict SC. Request a quote today.","og_url":"https:\/\/www.jnodenergy.com\/es\/contacto\/","og_site_name":"jnodheatpump","article_modified_time":"2025-05-21T09:18:58+00:00","og_image":[{"width":950,"height":339,"url":"https:\/\/www.jnodenergy.com\/wp-content\/uploads\/2023\/08\/R32-Mini-Heat-Pump-for-Small-Swimming-Pool-107-e1726814126975.jpg","type":"image\/jpeg"}],"twitter_card":"summary_large_image","twitter_misc":{"Tiempo de lectura":"1 minuto"},"schema":{"@context":"https:\/\/schema.org","@graph":[{"@type":"WebPage","@id":"https:\/\/www.jnodenergy.com\/contact-us\/","url":"https:\/\/www.jnodenergy.com\/contact-us\/","name":"Elevating Businesses, One Heat Pump at a Time | JNOD","isPartOf":{"@id":"https:\/\/www.jnodenergy.com\/#website"},"primaryImageOfPage":{"@id":"https:\/\/www.jnodenergy.com\/contact-us\/#primaryimage"},"image":{"@id":"https:\/\/www.jnodenergy.com\/contact-us\/#primaryimage"},"thumbnailUrl":"https:\/\/www.jnodenergy.com\/wp-content\/uploads\/2023\/08\/R32-Mini-Heat-Pump-for-Small-Swimming-Pool-107-e1726814126975.jpg","datePublished":"2023-05-23T03:06:31+00:00","dateModified":"2025-05-21T09:18:58+00:00","description":"Trust the experts at JNOD to provide world-class heat pumps and support from beginning to end. Superior R&D. Strict SC. Request a quote today.","breadcrumb":{"@id":"https:\/\/www.jnodenergy.com\/contact-us\/#breadcrumb"},"inLanguage":"es","potentialAction":[{"@type":"ReadAction","target":["https:\/\/www.jnodenergy.com\/contact-us\/"]}]},{"@type":"ImageObject","inLanguage":"es","@id":"https:\/\/www.jnodenergy.com\/contact-us\/#primaryimage","url":"https:\/\/www.jnodenergy.com\/wp-content\/uploads\/2023\/08\/R32-Mini-Heat-Pump-for-Small-Swimming-Pool-107-e1726814126975.jpg","contentUrl":"https:\/\/www.jnodenergy.com\/wp-content\/uploads\/2023\/08\/R32-Mini-Heat-Pump-for-Small-Swimming-Pool-107-e1726814126975.jpg","width":950,"height":339,"caption":"R32 Mini Heat Pump for Small Swimming Pool 107"},{"@type":"BreadcrumbList","@id":"https:\/\/www.jnodenergy.com\/contact-us\/#breadcrumb","itemListElement":[{"@type":"ListItem","position":1,"name":"Home","item":"https:\/\/www.jnodenergy.com\/"},{"@type":"ListItem","position":2,"name":"Contact Us"}]},{"@type":"WebSite","@id":"https:\/\/www.jnodenergy.com\/#website","url":"https:\/\/www.jnodenergy.com\/","name":"jnodheatpump","description":"","potentialAction":[{"@type":"SearchAction","target":{"@type":"EntryPoint","urlTemplate":"https:\/\/www.jnodenergy.com\/?s={search_term_string}"},"query-input":"required name=search_term_string"}],"inLanguage":"es"}]}},"_links":{"self":[{"href":"https:\/\/www.jnodenergy.com\/es\/wp-json\/wp\/v2\/pages\/163","targetHints":{"allow":["GET"]}}],"collection":[{"href":"https:\/\/www.jnodenergy.com\/es\/wp-json\/wp\/v2\/pages"}],"about":[{"href":"https:\/\/www.jnodenergy.com\/es\/wp-json\/wp\/v2\/types\/page"}],"author":[{"embeddable":true,"href":"https:\/\/www.jnodenergy.com\/es\/wp-json\/wp\/v2\/users\/5"}],"replies":[{"embeddable":true,"href":"https:\/\/www.jnodenergy.com\/es\/wp-json\/wp\/v2\/comments?post=163"}],"version-history":[{"count":32,"href":"https:\/\/www.jnodenergy.com\/es\/wp-json\/wp\/v2\/pages\/163\/revisions"}],"predecessor-version":[{"id":6531,"href":"https:\/\/www.jnodenergy.com\/es\/wp-json\/wp\/v2\/pages\/163\/revisions\/6531"}],"wp:featuredmedia":[{"embeddable":true,"href":"https:\/\/www.jnodenergy.com\/es\/wp-json\/wp\/v2\/media\/1778"}],"wp:attachment":[{"href":"https:\/\/www.jnodenergy.com\/es\/wp-json\/wp\/v2\/media?parent=163"}],"curies":[{"name":"wp","href":"https:\/\/api.w.org\/{rel}","templated":true}]}}