{"id":163,"date":"2023-05-23T03:06:31","date_gmt":"2023-05-23T03:06:31","guid":{"rendered":"https:\/\/www.jnodenergy.com\/?page_id=163"},"modified":"2025-05-21T09:18:58","modified_gmt":"2025-05-21T09:18:58","slug":"contact-us","status":"publish","type":"page","link":"https:\/\/www.jnodenergy.com\/fr\/nous-contacter\/","title":{"rendered":"Nous contacter"},"content":{"rendered":"<div data-elementor-type=\"wp-page\" data-elementor-id=\"163\" class=\"elementor elementor-163\" data-elementor-post-type=\"page\">\n\t\t\t\t\t\t<section class=\"elementor-section elementor-top-section elementor-element elementor-element-fd59276 elementor-section-height-min-height elementor-section-boxed elementor-section-height-default elementor-section-items-middle\" data-id=\"fd59276\" data-element_type=\"section\" data-settings=\"{&quot;background_background&quot;:&quot;classic&quot;}\">\n\t\t\t\t\t\t\t<div class=\"elementor-background-overlay\"><\/div>\n\t\t\t\t\t\t\t<div class=\"elementor-container elementor-column-gap-default\">\n\t\t\t\t\t<div class=\"elementor-column elementor-col-100 elementor-top-column elementor-element elementor-element-036ec5f\" data-id=\"036ec5f\" data-element_type=\"column\">\n\t\t\t<div class=\"elementor-widget-wrap elementor-element-populated\">\n\t\t\t\t\t\t<div class=\"elementor-element elementor-element-059233f elementor-widget elementor-widget-theme-post-title elementor-page-title elementor-widget-heading\" data-id=\"059233f\" data-element_type=\"widget\" data-widget_type=\"theme-post-title.default\">\n\t\t\t\t<div class=\"elementor-widget-container\">\n\t\t\t<style>\/*! elementor - v3.22.0 - 26-06-2024 *\/\n.elementor-heading-title{padding:0;margin:0;line-height:1}.elementor-widget-heading .elementor-heading-title[class*=elementor-size-]>a{color:inherit;font-size:inherit;line-height:inherit}.elementor-widget-heading .elementor-heading-title.elementor-size-small{font-size:15px}.elementor-widget-heading .elementor-heading-title.elementor-size-medium{font-size:19px}.elementor-widget-heading .elementor-heading-title.elementor-size-large{font-size:29px}.elementor-widget-heading .elementor-heading-title.elementor-size-xl{font-size:39px}.elementor-widget-heading .elementor-heading-title.elementor-size-xxl{font-size:59px}<\/style><h1 class=\"elementor-heading-title elementor-size-default\">Nous contacter<\/h1>\t\t<\/div>\n\t\t\t\t<\/div>\n\t\t\t\t\t<\/div>\n\t\t<\/div>\n\t\t\t\t\t<\/div>\n\t\t<\/section>\n\t\t\t\t<section class=\"elementor-section elementor-top-section elementor-element elementor-element-60d912e elementor-section-boxed elementor-section-height-default elementor-section-height-default\" data-id=\"60d912e\" data-element_type=\"section\">\n\t\t\t\t\t\t<div class=\"elementor-container elementor-column-gap-default\">\n\t\t\t\t\t<div class=\"elementor-column elementor-col-100 elementor-top-column elementor-element elementor-element-572ede4\" data-id=\"572ede4\" data-element_type=\"column\">\n\t\t\t<div class=\"elementor-widget-wrap elementor-element-populated\">\n\t\t\t\t\t\t<div class=\"elementor-element elementor-element-995a015 elementor-widget elementor-widget-MML Breadcrumbs\" data-id=\"995a015\" data-element_type=\"widget\" data-settings=\"{&quot;breadcrumbs_type&quot;:&quot;post_type&quot;}\" data-widget_type=\"MML Breadcrumbs.default\">\n\t\t\t\t<div class=\"elementor-widget-container\">\n\t\t\t<ul class=\"pp-breadcrumbs pp-breadcrumbs-powerpack\">        <li class=\"pp-breadcrumbs-item pp-breadcrumbs-item-home\">\n            <a class=\"pp-breadcrumbs-crumb pp-breadcrumbs-crumb-link pp-breadcrumbs-crumb-home\" href=\"https:\/\/www.jnodenergy.com\/fr\" title=\"Accueil\">\n\t\t\t\t<span class=\"pp-breadcrumbs-text\">\n\t\t\t\t\t                    Accueil\t\t\t\t<\/span>\n            <\/a>\n        <\/li>\n        <li class=\"pp-breadcrumbs-separator\">                <span class='pp-separator-icon pp-icon'>\n\t\t\t\t\t<i aria-hidden=\"true\" class=\"fas fa-angle-right\"><\/i>\t\t\t\t<\/span>\n                <\/li><\/ul>\t\t<\/div>\n\t\t\t\t<\/div>\n\t\t\t\t\t<\/div>\n\t\t<\/div>\n\t\t\t\t\t<\/div>\n\t\t<\/section>\n\t\t\t\t<section class=\"elementor-section elementor-top-section elementor-element elementor-element-f2539e6 elementor-section-boxed elementor-section-height-default elementor-section-height-default\" data-id=\"f2539e6\" data-element_type=\"section\">\n\t\t\t\t\t\t<div class=\"elementor-container elementor-column-gap-default\">\n\t\t\t\t\t<div class=\"elementor-column elementor-col-50 elementor-top-column elementor-element elementor-element-5c72302\" data-id=\"5c72302\" data-element_type=\"column\">\n\t\t\t<div class=\"elementor-widget-wrap elementor-element-populated\">\n\t\t\t\t\t\t<div class=\"elementor-element elementor-element-4d58370 elementor-widget elementor-widget-heading\" data-id=\"4d58370\" data-element_type=\"widget\" data-widget_type=\"heading.default\">\n\t\t\t\t<div class=\"elementor-widget-container\">\n\t\t\t<h2 class=\"elementor-heading-title elementor-size-default\">Faites passer votre entreprise \u00e0 la vitesse sup\u00e9rieure avec JNOD<\/h2>\t\t<\/div>\n\t\t\t\t<\/div>\n\t\t\t\t<div class=\"elementor-element elementor-element-203d4a9 pp-icon-list-traditional elementor-list-item-link-inline pp-icon-left elementor-widget elementor-widget-pp-icon-list\" data-id=\"203d4a9\" data-element_type=\"widget\" data-widget_type=\"pp-icon-list.default\">\n\t\t\t\t<div class=\"elementor-widget-container\">\n\t\t\t\t\t<div class=\"pp-list-container\">\n\t\t\t<ul class=\"pp-list-items\">\n\t\t\t\t\t\t\t\t\t\t\t\t\t\t\t\t\t\t\t\t\t<li class=\"pp-icon-list-item elementor-repeater-item-a1f73ac\">\n\t\t\t\t\t\t\t\t\t\t<span class=\"pp-icon-wrapper\">\n\t\t\t\t\t\t\t\t\t\t<span class=\"pp-icon-list-icon pp-icon\">\n\t\t\t\t\t\t<i aria-hidden=\"true\" class=\"fas fa-check\"><\/i><\/span>\t\t\t<\/span>\n\t\t\t\t\t\t\t\t\t\t<span class=\"pp-icon-list-text\">\n\t\t\t\t\t\t\t\tUne gamme compl\u00e8te de pompes \u00e0 chaleur et de solutions de chauffage r\u00e9sidentiel et commercial, un guichet unique pour r\u00e9pondre \u00e0 vos besoins.\t\t\t\t\t\t\t<\/span>\n\t\t\t\t\t\t\t\t\t\t\t\t\t<\/li>\n\t\t\t\t\t\t\t\t\t\t\t\t\t\t\t\t\t\t\t\t\t\t\t\t\t\t\t<li class=\"pp-icon-list-item elementor-repeater-item-f260994\">\n\t\t\t\t\t\t\t\t\t\t<span class=\"pp-icon-wrapper\">\n\t\t\t\t\t\t\t\t\t\t<span class=\"pp-icon-list-icon pp-icon\">\n\t\t\t\t\t\t<i aria-hidden=\"true\" class=\"fas fa-check\"><\/i><\/span>\t\t\t<\/span>\n\t\t\t\t\t\t\t\t\t\t<span class=\"pp-icon-list-text\">\n\t\t\t\t\t\t\t\tD\u00e9lais de livraison garantis gr\u00e2ce \u00e0 une cha\u00eene d'approvisionnement sans faille et \u00e0 des installations de production enti\u00e8rement automatis\u00e9es.\t\t\t\t\t\t\t<\/span>\n\t\t\t\t\t\t\t\t\t\t\t\t\t<\/li>\n\t\t\t\t\t\t\t\t\t\t\t\t\t\t\t\t\t\t\t\t\t\t\t\t\t\t\t<li class=\"pp-icon-list-item elementor-repeater-item-f3a570e\">\n\t\t\t\t\t\t\t\t\t\t<span class=\"pp-icon-wrapper\">\n\t\t\t\t\t\t\t\t\t\t<span class=\"pp-icon-list-icon pp-icon\">\n\t\t\t\t\t\t<i aria-hidden=\"true\" class=\"fas fa-check\"><\/i><\/span>\t\t\t<\/span>\n\t\t\t\t\t\t\t\t\t\t<span class=\"pp-icon-list-text\">\n\t\t\t\t\t\t\t\tGr\u00e2ce \u00e0 un syst\u00e8me strict de contr\u00f4le de la qualit\u00e9, nous veillons \u00e0 ce que vous receviez uniquement des produits de pompe \u00e0 chaleur de haute qualit\u00e9.\t\t\t\t\t\t\t<\/span>\n\t\t\t\t\t\t\t\t\t\t\t\t\t<\/li>\n\t\t\t\t\t\t\t\t\t\t\t\t\t\t\t\t\t\t\t\t\t\t\t\t\t\t\t<li class=\"pp-icon-list-item elementor-repeater-item-164f499\">\n\t\t\t\t\t\t\t\t\t\t<span class=\"pp-icon-wrapper\">\n\t\t\t\t\t\t\t\t\t\t<span class=\"pp-icon-list-icon pp-icon\">\n\t\t\t\t\t\t<i aria-hidden=\"true\" class=\"fas fa-check\"><\/i><\/span>\t\t\t<\/span>\n\t\t\t\t\t\t\t\t\t\t<span class=\"pp-icon-list-text\">\n\t\t\t\t\t\t\t\tLe service \u00e0 la client\u00e8le est assur\u00e9 de bout en bout tout au long du processus de coop\u00e9ration, m\u00eame apr\u00e8s la vente.\t\t\t\t\t\t\t<\/span>\n\t\t\t\t\t\t\t\t\t\t\t\t\t<\/li>\n\t\t\t\t\t\t\t\t\t\t\t\t\t<\/ul>\n\t\t<\/div>\n\t\t\t\t<\/div>\n\t\t\t\t<\/div>\n\t\t\t\t\t<\/div>\n\t\t<\/div>\n\t\t\t\t<div class=\"elementor-column elementor-col-50 elementor-top-column elementor-element elementor-element-68e3c64\" data-id=\"68e3c64\" data-element_type=\"column\" data-settings=\"{&quot;background_background&quot;:&quot;classic&quot;}\">\n\t\t\t<div class=\"elementor-widget-wrap elementor-element-populated\">\n\t\t\t\t\t\t<div class=\"elementor-element elementor-element-198d903 elementor-widget elementor-widget-mml_cf7\" data-id=\"198d903\" data-element_type=\"widget\" data-widget_type=\"mml_cf7.default\">\n\t\t\t\t<div class=\"elementor-widget-container\">\n\t\t\t\t\t<style>\n\t\t\t.elementor-element-198d903 label {\n\t\t\t\tdisplay: block;\n\t\t\t}\n\t\t\t.elementor-element-198d903 .mml-cf7-row {\n\t\t\t\tdisplay: flex;\n\t\t\t}\n\t\t\t@media (max-width: 768px) {\n\t\t\t\t.elementor-element-198d903 .mml-cf7-row {\n\t\t\t\t\tdisplay: block;\n\t\t\t\t}\n\t\t\t}\n\t\t\t.elementor-element-198d903 .mml-cf7-col {\n\t\t\t\tflex: 1;\n\t\t\t}\n\t\t\t.elementor-element-198d903 input[type=\"submit\"] {\n\t\t\t\tborder: none;\n\t\t\t}\n\t\t\t.elementor-element-198d903 select {\n\t\t\t\twidth: 100%;\n\t\t\t}\n\t\t\t.elementor-element-198d903 .col-field-button {\n\t\t\t\ttext-align: ;\n\t\t\t}\n\t\t\t\/* form.submitting .wpcf7-spinner *\/\n\t\t\t.elementor-element-198d903 .wpcf7-spinner {\n\t\t\t\tdisplay: block;\n\t\t\t\tmargin-top: 10px;\n\t\t\t}\n\t\t\t.elementor-element-198d903 .wpcf7-list-item.first {\n\t\t\t\tmargin-left: 0;\n\t\t\t}\n\t\t<\/style>\n\t\t\n<div class=\"wpcf7 no-js\" id=\"wpcf7-f6524-o1\" lang=\"en-US\" dir=\"ltr\" data-wpcf7-id=\"6524\">\n<div class=\"screen-reader-response\"><p role=\"status\" aria-live=\"polite\" aria-atomic=\"true\"><\/p> <ul><\/ul><\/div>\n<form action=\"\/wp-json\/wp\/v2\/pages\/163\" method=\"post\" class=\"wpcf7-form init\" aria-label=\"Formulaire de contact\" novalidate=\"novalidate\" data-status=\"init\" data-trp-original-action=\"\/fr\/wp-json\/wp\/v2\/pages\/163#wpcf7-f6524-o1\">\n<div style=\"display: none;\">\n<input type=\"hidden\" name=\"_wpcf7\" value=\"6524\" \/>\n<input type=\"hidden\" name=\"_wpcf7_version\" value=\"6.0.6\" \/>\n<input type=\"hidden\" name=\"_wpcf7_locale\" value=\"en_US\" \/>\n<input type=\"hidden\" name=\"_wpcf7_unit_tag\" value=\"wpcf7-f6524-o1\" \/>\n<input type=\"hidden\" name=\"_wpcf7_container_post\" value=\"0\" \/>\n<input type=\"hidden\" name=\"_wpcf7_posted_data_hash\" value=\"\" \/>\n<\/div>\n<div class=\"mml-cf7-row column_count_1\">\n\t<div class=\"mml-cf7-col col-field-text\">\n\t\t<p><label>Nom<\/label><span class=\"wpcf7-form-control-wrap\" data-name=\"your-name\"><input size=\"40\" maxlength=\"400\" class=\"wpcf7-form-control wpcf7-text wpcf7-validates-as-required\" aria-required=\"true\" aria-invalid=\"false\" placeholder=\"Votre nom\" value=\"\" type=\"text\" name=\"your-name\" \/><\/span>\n\t\t<\/p>\n\t<\/div>\n<\/div>\n<div class=\"mml-cf7-row column_count_1\">\n\t<div class=\"mml-cf7-col col-field-text\">\n\t\t<p><label>WhatsApp\/T\u00e9l\u00e9phone<\/label><span class=\"wpcf7-form-control-wrap\" data-name=\"whatsApp-telephone\"><input size=\"40\" maxlength=\"400\" class=\"wpcf7-form-control wpcf7-text wpcf7-validates-as-required\" aria-required=\"true\" aria-invalid=\"false\" placeholder=\"WhatsApp\/T\u00e9l\u00e9phone\" value=\"\" type=\"text\" name=\"whatsApp-telephone\" \/><\/span>\n\t\t<\/p>\n\t<\/div>\n<\/div>\n<div class=\"mml-cf7-row column_count_1\">\n\t<div class=\"mml-cf7-col col-field-email\">\n\t\t<p><label>Courriel<\/label><span class=\"wpcf7-form-control-wrap\" data-name=\"your-email\"><input size=\"40\" maxlength=\"400\" class=\"wpcf7-form-control wpcf7-email wpcf7-validates-as-required wpcf7-text wpcf7-validates-as-email\" aria-required=\"true\" aria-invalid=\"false\" placeholder=\"Votre courriel\" value=\"\" type=\"email\" name=\"your-email\" \/><\/span>\n\t\t<\/p>\n\t<\/div>\n<\/div>\n<div class=\"mml-cf7-row column_count_1\">\n\t<div class=\"mml-cf7-col col-field-textarea\">\n\t\t<p><label>Message<\/label><span class=\"wpcf7-form-control-wrap\" data-name=\"your-message\"><textarea cols=\"40\" rows=\"10\" maxlength=\"2000\" class=\"wpcf7-form-control wpcf7-textarea wpcf7-validates-as-required\" aria-required=\"true\" aria-invalid=\"false\" placeholder=\"Votre message\" name=\"your-message\"><\/textarea><\/span>\n\t\t<\/p>\n\t<\/div>\n<\/div>\n<div class=\"mml-cf7-row column_count_1\">\n\t<div class=\"mml-cf7-col col-field-button\">\n\t\t<p><input class=\"wpcf7-form-control wpcf7-submit has-spinner\" type=\"submit\" value=\"Envoyer\" \/>\n\t\t<\/p>\n\t<\/div>\n<\/div><p style=\"display: none !important;\" class=\"akismet-fields-container\" data-prefix=\"_wpcf7_ak_\"><label>&#916;<textarea name=\"_wpcf7_ak_hp_textarea\" cols=\"45\" rows=\"8\" maxlength=\"100\"><\/textarea><\/label><input type=\"hidden\" id=\"ak_js_1\" name=\"_wpcf7_ak_js\" value=\"66\"\/><script>document.getElementById( \"ak_js_1\" ).setAttribute( \"value\", ( new Date() ).getTime() );<\/script><\/p><div class=\"wpcf7-response-output\" aria-hidden=\"true\"><\/div>\n<input type=\"hidden\" name=\"trp-form-language\" value=\"fr\"\/><\/form>\n<\/div>\n\t\t<\/div>\n\t\t\t\t<\/div>\n\t\t\t\t\t<\/div>\n\t\t<\/div>\n\t\t\t\t\t<\/div>\n\t\t<\/section>\n\t\t\t\t<section class=\"elementor-section elementor-top-section elementor-element elementor-element-409021a elementor-section-boxed elementor-section-height-default elementor-section-height-default\" data-id=\"409021a\" data-element_type=\"section\">\n\t\t\t\t\t\t<div class=\"elementor-container elementor-column-gap-default\">\n\t\t\t\t\t<div class=\"elementor-column elementor-col-100 elementor-top-column elementor-element elementor-element-2213946\" data-id=\"2213946\" data-element_type=\"column\">\n\t\t\t<div class=\"elementor-widget-wrap elementor-element-populated\">\n\t\t\t\t\t\t<div class=\"elementor-element elementor-element-4225a1e elementor-widget elementor-widget-google_maps\" data-id=\"4225a1e\" data-element_type=\"widget\" data-widget_type=\"google_maps.default\">\n\t\t\t\t<div class=\"elementor-widget-container\">\n\t\t\t<style>\/*! elementor - v3.22.0 - 26-06-2024 *\/\n.elementor-widget-google_maps .elementor-widget-container{overflow:hidden}.elementor-widget-google_maps .elementor-custom-embed{line-height:0}.elementor-widget-google_maps iframe{height:300px}<\/style>\t\t<div class=\"elementor-custom-embed\">\n\t\t\t<iframe loading=\"lazy\"\n\t\t\t\t\tsrc=\"https:\/\/maps.google.com\/maps?q=Room%20701%2C%20Building%205%2C%20Shunde%20Zhifu%20Park%2C%20No.%208%2C%20Erhuan%20Road%2C%20Xingtan%20Town%2C%20Foshan%2C%20Guangdong%2C%20China&#038;t=m&#038;z=10&#038;output=embed&#038;iwloc=near\"\n\t\t\t\t\ttitle=\"Room 701, Building 5, Shunde Zhifu Park, No. 8, Erhuan Road, Xingtan Town, Foshan, Guangdong, Chine\"\n\t\t\t\t\taria-label=\"Room 701, Building 5, Shunde Zhifu Park, No. 8, Erhuan Road, Xingtan Town, Foshan, Guangdong, Chine\"\n\t\t\t><\/iframe>\n\t\t<\/div>\n\t\t\t\t<\/div>\n\t\t\t\t<\/div>\n\t\t\t\t\t<\/div>\n\t\t<\/div>\n\t\t\t\t\t<\/div>\n\t\t<\/section>\n\t\t\t\t<\/div>","protected":false},"excerpt":{"rendered":"<p>Accueil Faites passer votre entreprise au niveau sup\u00e9rieur avec JNOD Une gamme compl\u00e8te de pompes \u00e0 chaleur et de solutions de chauffage r\u00e9sidentiel et commercial, un guichet unique pour r\u00e9pondre \u00e0 vos besoins. D\u00e9lai de livraison garanti gr\u00e2ce \u00e0 une cha\u00eene d'approvisionnement sans faille et \u00e0 des installations de production enti\u00e8rement automatis\u00e9es. Avec un syst\u00e8me de contr\u00f4le de qualit\u00e9 strict, nous nous assurons que vous ne recevez que des pompes \u00e0 chaleur de haute qualit\u00e9 [...]<\/p>","protected":false},"author":5,"featured_media":1778,"parent":0,"menu_order":0,"comment_status":"closed","ping_status":"closed","template":"","meta":{"_acf_changed":false,"footnotes":""},"class_list":["post-163","page","type-page","status-publish","has-post-thumbnail","hentry"],"acf":[],"yoast_head":"<!-- This site is optimized with the Yoast SEO plugin v23.0 - https:\/\/yoast.com\/wordpress\/plugins\/seo\/ -->\n<title>Elevating Businesses, One Heat Pump at a Time | JNOD<\/title>\n<meta name=\"description\" content=\"Trust the experts at JNOD to provide world-class heat pumps and support from beginning to end. Superior R&amp;D. Strict SC. Request a quote today.\" \/>\n<meta name=\"robots\" content=\"index, follow, max-snippet:-1, max-image-preview:large, max-video-preview:-1\" \/>\n<link rel=\"canonical\" href=\"https:\/\/www.jnodenergy.com\/fr\/nous-contacter\/\" \/>\n<meta property=\"og:locale\" content=\"fr_FR\" \/>\n<meta property=\"og:type\" content=\"article\" \/>\n<meta property=\"og:title\" content=\"Elevating Businesses, One Heat Pump at a Time | JNOD\" \/>\n<meta property=\"og:description\" content=\"Trust the experts at JNOD to provide world-class heat pumps and support from beginning to end. Superior R&amp;D. Strict SC. Request a quote today.\" \/>\n<meta property=\"og:url\" content=\"https:\/\/www.jnodenergy.com\/fr\/nous-contacter\/\" \/>\n<meta property=\"og:site_name\" content=\"jnodheatpump\" \/>\n<meta property=\"article:modified_time\" content=\"2025-05-21T09:18:58+00:00\" \/>\n<meta property=\"og:image\" content=\"https:\/\/www.jnodenergy.com\/wp-content\/uploads\/2023\/08\/R32-Mini-Heat-Pump-for-Small-Swimming-Pool-107-e1726814126975.jpg\" \/>\n\t<meta property=\"og:image:width\" content=\"950\" \/>\n\t<meta property=\"og:image:height\" content=\"339\" \/>\n\t<meta property=\"og:image:type\" content=\"image\/jpeg\" \/>\n<meta name=\"twitter:card\" content=\"summary_large_image\" \/>\n<meta name=\"twitter:label1\" content=\"Dur\u00e9e de lecture estim\u00e9e\" \/>\n\t<meta name=\"twitter:data1\" content=\"1 minute\" \/>\n<script type=\"application\/ld+json\" class=\"yoast-schema-graph\">{\"@context\":\"https:\/\/schema.org\",\"@graph\":[{\"@type\":\"WebPage\",\"@id\":\"https:\/\/www.jnodenergy.com\/contact-us\/\",\"url\":\"https:\/\/www.jnodenergy.com\/contact-us\/\",\"name\":\"Elevating Businesses, One Heat Pump at a Time | JNOD\",\"isPartOf\":{\"@id\":\"https:\/\/www.jnodenergy.com\/#website\"},\"primaryImageOfPage\":{\"@id\":\"https:\/\/www.jnodenergy.com\/contact-us\/#primaryimage\"},\"image\":{\"@id\":\"https:\/\/www.jnodenergy.com\/contact-us\/#primaryimage\"},\"thumbnailUrl\":\"https:\/\/www.jnodenergy.com\/wp-content\/uploads\/2023\/08\/R32-Mini-Heat-Pump-for-Small-Swimming-Pool-107-e1726814126975.jpg\",\"datePublished\":\"2023-05-23T03:06:31+00:00\",\"dateModified\":\"2025-05-21T09:18:58+00:00\",\"description\":\"Trust the experts at JNOD to provide world-class heat pumps and support from beginning to end. Superior R&D. Strict SC. Request a quote today.\",\"breadcrumb\":{\"@id\":\"https:\/\/www.jnodenergy.com\/contact-us\/#breadcrumb\"},\"inLanguage\":\"fr-FR\",\"potentialAction\":[{\"@type\":\"ReadAction\",\"target\":[\"https:\/\/www.jnodenergy.com\/contact-us\/\"]}]},{\"@type\":\"ImageObject\",\"inLanguage\":\"fr-FR\",\"@id\":\"https:\/\/www.jnodenergy.com\/contact-us\/#primaryimage\",\"url\":\"https:\/\/www.jnodenergy.com\/wp-content\/uploads\/2023\/08\/R32-Mini-Heat-Pump-for-Small-Swimming-Pool-107-e1726814126975.jpg\",\"contentUrl\":\"https:\/\/www.jnodenergy.com\/wp-content\/uploads\/2023\/08\/R32-Mini-Heat-Pump-for-Small-Swimming-Pool-107-e1726814126975.jpg\",\"width\":950,\"height\":339,\"caption\":\"R32 Mini Heat Pump for Small Swimming Pool 107\"},{\"@type\":\"BreadcrumbList\",\"@id\":\"https:\/\/www.jnodenergy.com\/contact-us\/#breadcrumb\",\"itemListElement\":[{\"@type\":\"ListItem\",\"position\":1,\"name\":\"Home\",\"item\":\"https:\/\/www.jnodenergy.com\/\"},{\"@type\":\"ListItem\",\"position\":2,\"name\":\"Contact Us\"}]},{\"@type\":\"WebSite\",\"@id\":\"https:\/\/www.jnodenergy.com\/#website\",\"url\":\"https:\/\/www.jnodenergy.com\/\",\"name\":\"jnodheatpump\",\"description\":\"\",\"potentialAction\":[{\"@type\":\"SearchAction\",\"target\":{\"@type\":\"EntryPoint\",\"urlTemplate\":\"https:\/\/www.jnodenergy.com\/?s={search_term_string}\"},\"query-input\":\"required name=search_term_string\"}],\"inLanguage\":\"fr-FR\"}]}<\/script>\n<!-- \/ Yoast SEO plugin. -->","yoast_head_json":{"title":"Elevating Businesses, One Heat Pump at a Time | JNOD","description":"Trust the experts at JNOD to provide world-class heat pumps and support from beginning to end. Superior R&D. Strict SC. Request a quote today.","robots":{"index":"index","follow":"follow","max-snippet":"max-snippet:-1","max-image-preview":"max-image-preview:large","max-video-preview":"max-video-preview:-1"},"canonical":"https:\/\/www.jnodenergy.com\/fr\/nous-contacter\/","og_locale":"fr_FR","og_type":"article","og_title":"Elevating Businesses, One Heat Pump at a Time | JNOD","og_description":"Trust the experts at JNOD to provide world-class heat pumps and support from beginning to end. Superior R&D. Strict SC. Request a quote today.","og_url":"https:\/\/www.jnodenergy.com\/fr\/nous-contacter\/","og_site_name":"jnodheatpump","article_modified_time":"2025-05-21T09:18:58+00:00","og_image":[{"width":950,"height":339,"url":"https:\/\/www.jnodenergy.com\/wp-content\/uploads\/2023\/08\/R32-Mini-Heat-Pump-for-Small-Swimming-Pool-107-e1726814126975.jpg","type":"image\/jpeg"}],"twitter_card":"summary_large_image","twitter_misc":{"Dur\u00e9e de lecture estim\u00e9e":"1 minute"},"schema":{"@context":"https:\/\/schema.org","@graph":[{"@type":"WebPage","@id":"https:\/\/www.jnodenergy.com\/contact-us\/","url":"https:\/\/www.jnodenergy.com\/contact-us\/","name":"Elevating Businesses, One Heat Pump at a Time | JNOD","isPartOf":{"@id":"https:\/\/www.jnodenergy.com\/#website"},"primaryImageOfPage":{"@id":"https:\/\/www.jnodenergy.com\/contact-us\/#primaryimage"},"image":{"@id":"https:\/\/www.jnodenergy.com\/contact-us\/#primaryimage"},"thumbnailUrl":"https:\/\/www.jnodenergy.com\/wp-content\/uploads\/2023\/08\/R32-Mini-Heat-Pump-for-Small-Swimming-Pool-107-e1726814126975.jpg","datePublished":"2023-05-23T03:06:31+00:00","dateModified":"2025-05-21T09:18:58+00:00","description":"Trust the experts at JNOD to provide world-class heat pumps and support from beginning to end. Superior R&D. Strict SC. Request a quote today.","breadcrumb":{"@id":"https:\/\/www.jnodenergy.com\/contact-us\/#breadcrumb"},"inLanguage":"fr-FR","potentialAction":[{"@type":"ReadAction","target":["https:\/\/www.jnodenergy.com\/contact-us\/"]}]},{"@type":"ImageObject","inLanguage":"fr-FR","@id":"https:\/\/www.jnodenergy.com\/contact-us\/#primaryimage","url":"https:\/\/www.jnodenergy.com\/wp-content\/uploads\/2023\/08\/R32-Mini-Heat-Pump-for-Small-Swimming-Pool-107-e1726814126975.jpg","contentUrl":"https:\/\/www.jnodenergy.com\/wp-content\/uploads\/2023\/08\/R32-Mini-Heat-Pump-for-Small-Swimming-Pool-107-e1726814126975.jpg","width":950,"height":339,"caption":"R32 Mini Heat Pump for Small Swimming Pool 107"},{"@type":"BreadcrumbList","@id":"https:\/\/www.jnodenergy.com\/contact-us\/#breadcrumb","itemListElement":[{"@type":"ListItem","position":1,"name":"Home","item":"https:\/\/www.jnodenergy.com\/"},{"@type":"ListItem","position":2,"name":"Contact Us"}]},{"@type":"WebSite","@id":"https:\/\/www.jnodenergy.com\/#website","url":"https:\/\/www.jnodenergy.com\/","name":"jnodheatpump","description":"","potentialAction":[{"@type":"SearchAction","target":{"@type":"EntryPoint","urlTemplate":"https:\/\/www.jnodenergy.com\/?s={search_term_string}"},"query-input":"required name=search_term_string"}],"inLanguage":"fr-FR"}]}},"_links":{"self":[{"href":"https:\/\/www.jnodenergy.com\/fr\/wp-json\/wp\/v2\/pages\/163","targetHints":{"allow":["GET"]}}],"collection":[{"href":"https:\/\/www.jnodenergy.com\/fr\/wp-json\/wp\/v2\/pages"}],"about":[{"href":"https:\/\/www.jnodenergy.com\/fr\/wp-json\/wp\/v2\/types\/page"}],"author":[{"embeddable":true,"href":"https:\/\/www.jnodenergy.com\/fr\/wp-json\/wp\/v2\/users\/5"}],"replies":[{"embeddable":true,"href":"https:\/\/www.jnodenergy.com\/fr\/wp-json\/wp\/v2\/comments?post=163"}],"version-history":[{"count":32,"href":"https:\/\/www.jnodenergy.com\/fr\/wp-json\/wp\/v2\/pages\/163\/revisions"}],"predecessor-version":[{"id":6531,"href":"https:\/\/www.jnodenergy.com\/fr\/wp-json\/wp\/v2\/pages\/163\/revisions\/6531"}],"wp:featuredmedia":[{"embeddable":true,"href":"https:\/\/www.jnodenergy.com\/fr\/wp-json\/wp\/v2\/media\/1778"}],"wp:attachment":[{"href":"https:\/\/www.jnodenergy.com\/fr\/wp-json\/wp\/v2\/media?parent=163"}],"curies":[{"name":"wp","href":"https:\/\/api.w.org\/{rel}","templated":true}]}}