{"id":137,"date":"2023-05-23T03:04:04","date_gmt":"2023-05-23T03:04:04","guid":{"rendered":"https:\/\/www.jnodenergy.com\/?page_id=137"},"modified":"2026-03-27T01:22:52","modified_gmt":"2026-03-27T01:22:52","slug":"products","status":"publish","type":"page","link":"https:\/\/www.jnodenergy.com\/nl\/producten\/","title":{"rendered":"Producten"},"content":{"rendered":"<div data-elementor-type=\"wp-page\" data-elementor-id=\"137\" class=\"elementor elementor-137\" data-elementor-post-type=\"page\">\n\t\t\t\t\t\t<section class=\"elementor-section elementor-top-section elementor-element elementor-element-5ec3782 elementor-section-height-min-height elementor-section-boxed elementor-section-height-default elementor-section-items-middle\" data-id=\"5ec3782\" data-element_type=\"section\" data-settings=\"{&quot;background_background&quot;:&quot;classic&quot;}\">\n\t\t\t\t\t\t\t<div class=\"elementor-background-overlay\"><\/div>\n\t\t\t\t\t\t\t<div class=\"elementor-container elementor-column-gap-default\">\n\t\t\t\t\t<div class=\"elementor-column elementor-col-100 elementor-top-column elementor-element elementor-element-be87946\" data-id=\"be87946\" data-element_type=\"column\">\n\t\t\t<div class=\"elementor-widget-wrap elementor-element-populated\">\n\t\t\t\t\t\t<div class=\"elementor-element elementor-element-c04f784 elementor-widget elementor-widget-theme-post-title elementor-page-title elementor-widget-heading\" data-id=\"c04f784\" data-element_type=\"widget\" data-widget_type=\"theme-post-title.default\">\n\t\t\t\t<div class=\"elementor-widget-container\">\n\t\t\t<style>\/*! elementor - v3.22.0 - 26-06-2024 *\/\n.elementor-heading-title{padding:0;margin:0;line-height:1}.elementor-widget-heading .elementor-heading-title[class*=elementor-size-]>a{color:inherit;font-size:inherit;line-height:inherit}.elementor-widget-heading .elementor-heading-title.elementor-size-small{font-size:15px}.elementor-widget-heading .elementor-heading-title.elementor-size-medium{font-size:19px}.elementor-widget-heading .elementor-heading-title.elementor-size-large{font-size:29px}.elementor-widget-heading .elementor-heading-title.elementor-size-xl{font-size:39px}.elementor-widget-heading .elementor-heading-title.elementor-size-xxl{font-size:59px}<\/style><h1 class=\"elementor-heading-title elementor-size-default\">Producten<\/h1>\t\t<\/div>\n\t\t\t\t<\/div>\n\t\t\t\t\t<\/div>\n\t\t<\/div>\n\t\t\t\t\t<\/div>\n\t\t<\/section>\n\t\t\t\t<section class=\"elementor-section elementor-top-section elementor-element elementor-element-080412c elementor-section-boxed elementor-section-height-default elementor-section-height-default\" data-id=\"080412c\" data-element_type=\"section\">\n\t\t\t\t\t\t<div class=\"elementor-container elementor-column-gap-default\">\n\t\t\t\t\t<div class=\"elementor-column elementor-col-100 elementor-top-column elementor-element elementor-element-b60bddb\" data-id=\"b60bddb\" data-element_type=\"column\">\n\t\t\t<div class=\"elementor-widget-wrap elementor-element-populated\">\n\t\t\t\t\t\t<div class=\"elementor-element elementor-element-980f20b elementor-widget elementor-widget-MML Breadcrumbs\" data-id=\"980f20b\" data-element_type=\"widget\" data-settings=\"{&quot;breadcrumbs_type&quot;:&quot;post_type&quot;}\" data-widget_type=\"MML Breadcrumbs.default\">\n\t\t\t\t<div class=\"elementor-widget-container\">\n\t\t\t<ul class=\"pp-breadcrumbs pp-breadcrumbs-powerpack\">        <li class=\"pp-breadcrumbs-item pp-breadcrumbs-item-home\">\n            <a class=\"pp-breadcrumbs-crumb pp-breadcrumbs-crumb-link pp-breadcrumbs-crumb-home\" href=\"https:\/\/www.jnodenergy.com\/nl\" title=\"Home\">\n\t\t\t\t<span class=\"pp-breadcrumbs-text\">\n\t\t\t\t\t                    Home\t\t\t\t<\/span>\n            <\/a>\n        <\/li>\n        <li class=\"pp-breadcrumbs-separator\">                <span class='pp-separator-icon pp-icon'>\n\t\t\t\t\t<i aria-hidden=\"true\" class=\"fas fa-angle-right\"><\/i>\t\t\t\t<\/span>\n                <\/li><\/ul>\t\t<\/div>\n\t\t\t\t<\/div>\n\t\t\t\t\t<\/div>\n\t\t<\/div>\n\t\t\t\t\t<\/div>\n\t\t<\/section>\n\t\t\t\t<section class=\"elementor-section elementor-top-section elementor-element elementor-element-7254594 elementor-section-boxed elementor-section-height-default elementor-section-height-default\" data-id=\"7254594\" data-element_type=\"section\">\n\t\t\t\t\t\t<div class=\"elementor-container elementor-column-gap-default\">\n\t\t\t\t\t<div class=\"elementor-column elementor-col-100 elementor-top-column elementor-element elementor-element-0cd3dd1\" data-id=\"0cd3dd1\" data-element_type=\"column\">\n\t\t\t<div class=\"elementor-widget-wrap elementor-element-populated\">\n\t\t\t\t\t\t<div class=\"elementor-element elementor-element-8c22f3e elementor-widget elementor-widget-heading\" data-id=\"8c22f3e\" data-element_type=\"widget\" data-widget_type=\"heading.default\">\n\t\t\t\t<div class=\"elementor-widget-container\">\n\t\t\t<h2 class=\"elementor-heading-title elementor-size-default\">Binnenruimtes cre\u00ebren die de gezondheid en het comfort verbeteren<\/h2>\t\t<\/div>\n\t\t\t\t<\/div>\n\t\t\t\t\t<\/div>\n\t\t<\/div>\n\t\t\t\t\t<\/div>\n\t\t<\/section>\n\t\t\t\t<section class=\"elementor-section elementor-top-section elementor-element elementor-element-07c1e0d elementor-section-boxed elementor-section-height-default elementor-section-height-default\" data-id=\"07c1e0d\" data-element_type=\"section\">\n\t\t\t\t\t\t<div class=\"elementor-container elementor-column-gap-default\">\n\t\t\t\t\t<div class=\"elementor-column elementor-col-25 elementor-top-column elementor-element elementor-element-e662efd\" data-id=\"e662efd\" data-element_type=\"column\">\n\t\t\t<div class=\"elementor-widget-wrap elementor-element-populated\">\n\t\t\t\t\t\t<div class=\"elementor-element elementor-element-3e447fb elementor-cta--skin-classic elementor-animated-content elementor-bg-transform elementor-bg-transform-zoom-in elementor-widget elementor-widget-call-to-action\" data-id=\"3e447fb\" data-element_type=\"widget\" data-widget_type=\"call-to-action.default\">\n\t\t\t\t<div class=\"elementor-widget-container\">\n\t\t\t<link rel=\"stylesheet\" href=\"https:\/\/www.jnodenergy.com\/wp-content\/plugins\/elementor-pro\/assets\/css\/widget-call-to-action.min.css\">\t\t<a class=\"elementor-cta\" href=\"https:\/\/www.jnodenergy.com\/nl\/productartikel\/r290-monoblock-top-blow-skyheat-gelijkstroom-inverter-luchtwarmtepomp\/\">\n\t\t\t\t\t<div class=\"elementor-cta__bg-wrapper\">\n\t\t\t\t<div class=\"elementor-cta__bg elementor-bg\" style=\"background-image: url(https:\/\/www.jnodenergy.com\/wp-content\/uploads\/2025\/05\/JNOD-Top-blow-Series.png);\" role=\"img\" aria-label=\"JNOD R290 Up-blow warmtepompserie\"><\/div>\n\t\t\t\t<div class=\"elementor-cta__bg-overlay\"><\/div>\n\t\t\t<\/div>\n\t\t\t\t\t\t\t<div class=\"elementor-cta__content\">\n\t\t\t\t\n\t\t\t\t\t\t\t\t\t<h4 class=\"elementor-cta__title elementor-cta__content-item elementor-content-item\">\n\t\t\t\t\t\tR290 Hoogblazige warmtepomp \t\t\t\t\t<\/h4>\n\t\t\t\t\n\t\t\t\t\n\t\t\t\t\t\t\t\t\t<div class=\"elementor-cta__button-wrapper elementor-cta__content-item elementor-content-item\">\n\t\t\t\t\t<span class=\"elementor-cta__button elementor-button elementor-size-\">\n\t\t\t\t\t\tBekijk product\t\t\t\t\t<\/span>\n\t\t\t\t\t<\/div>\n\t\t\t\t\t\t\t<\/div>\n\t\t\t\t\t\t<\/a>\n\t\t\t\t<\/div>\n\t\t\t\t<\/div>\n\t\t\t\t\t<\/div>\n\t\t<\/div>\n\t\t\t\t<div class=\"elementor-column elementor-col-25 elementor-top-column elementor-element elementor-element-e954f92\" data-id=\"e954f92\" data-element_type=\"column\">\n\t\t\t<div class=\"elementor-widget-wrap elementor-element-populated\">\n\t\t\t\t\t\t<div class=\"elementor-element elementor-element-4d6fd08 elementor-cta--skin-classic elementor-animated-content elementor-bg-transform elementor-bg-transform-zoom-in elementor-widget elementor-widget-call-to-action\" data-id=\"4d6fd08\" data-element_type=\"widget\" data-widget_type=\"call-to-action.default\">\n\t\t\t\t<div class=\"elementor-widget-container\">\n\t\t\t\t\t<a class=\"elementor-cta\" href=\"https:\/\/www.jnodenergy.com\/nl\/productartikel\/r290-alles-in-een-luchtwarmtepomp-voor-verwarming-van-warm-water\/\">\n\t\t\t\t\t<div class=\"elementor-cta__bg-wrapper\">\n\t\t\t\t<div class=\"elementor-cta__bg elementor-bg\" style=\"background-image: url(https:\/\/www.jnodenergy.com\/wp-content\/uploads\/2026\/03\/JNOD-All-in-one-Heat-Pump-Front.png);\" role=\"img\" aria-label=\"JNOD Alles-in-\u00e9\u00e9n Warmtepomp Voorkant\"><\/div>\n\t\t\t\t<div class=\"elementor-cta__bg-overlay\"><\/div>\n\t\t\t<\/div>\n\t\t\t\t\t\t\t<div class=\"elementor-cta__content\">\n\t\t\t\t\n\t\t\t\t\t\t\t\t\t<h4 class=\"elementor-cta__title elementor-cta__content-item elementor-content-item\">\n\t\t\t\t\t\tR290 alles-in-\u00e9\u00e9n warmtepomp voor binnen\t\t\t\t\t<\/h4>\n\t\t\t\t\n\t\t\t\t\n\t\t\t\t\t\t\t\t\t<div class=\"elementor-cta__button-wrapper elementor-cta__content-item elementor-content-item\">\n\t\t\t\t\t<span class=\"elementor-cta__button elementor-button elementor-size-\">\n\t\t\t\t\t\tAlle producten bekijken\t\t\t\t\t<\/span>\n\t\t\t\t\t<\/div>\n\t\t\t\t\t\t\t<\/div>\n\t\t\t\t\t\t<\/a>\n\t\t\t\t<\/div>\n\t\t\t\t<\/div>\n\t\t\t\t\t<\/div>\n\t\t<\/div>\n\t\t\t\t<div class=\"elementor-column elementor-col-25 elementor-top-column elementor-element elementor-element-9bc4b28\" data-id=\"9bc4b28\" data-element_type=\"column\">\n\t\t\t<div class=\"elementor-widget-wrap elementor-element-populated\">\n\t\t\t\t\t\t<div class=\"elementor-element elementor-element-e525b08 elementor-cta--skin-classic elementor-animated-content elementor-bg-transform elementor-bg-transform-zoom-in elementor-widget elementor-widget-call-to-action\" data-id=\"e525b08\" data-element_type=\"widget\" data-widget_type=\"call-to-action.default\">\n\t\t\t\t<div class=\"elementor-widget-container\">\n\t\t\t\t\t<a class=\"elementor-cta\" href=\"https:\/\/www.jnodenergy.com\/nl\/productartikel\/r290-alles-in-een-warmwater-luchtwarmtepompboiler\/\">\n\t\t\t\t\t<div class=\"elementor-cta__bg-wrapper\">\n\t\t\t\t<div class=\"elementor-cta__bg elementor-bg\" style=\"background-image: url(https:\/\/www.jnodenergy.com\/wp-content\/uploads\/2025\/11\/All-in-one-heat-pump-water-heater.png);\" role=\"img\" aria-label=\"Alles-in-\u00e9\u00e9n warmtepompboiler\"><\/div>\n\t\t\t\t<div class=\"elementor-cta__bg-overlay\"><\/div>\n\t\t\t<\/div>\n\t\t\t\t\t\t\t<div class=\"elementor-cta__content\">\n\t\t\t\t\n\t\t\t\t\t\t\t\t\t<h4 class=\"elementor-cta__title elementor-cta__content-item elementor-content-item\">\n\t\t\t\t\t\tR290 Warmtepompboiler\t\t\t\t\t<\/h4>\n\t\t\t\t\n\t\t\t\t\n\t\t\t\t\t\t\t\t\t<div class=\"elementor-cta__button-wrapper elementor-cta__content-item elementor-content-item\">\n\t\t\t\t\t<span class=\"elementor-cta__button elementor-button elementor-size-\">\n\t\t\t\t\t\tAlle producten bekijken\t\t\t\t\t<\/span>\n\t\t\t\t\t<\/div>\n\t\t\t\t\t\t\t<\/div>\n\t\t\t\t\t\t<\/a>\n\t\t\t\t<\/div>\n\t\t\t\t<\/div>\n\t\t\t\t\t<\/div>\n\t\t<\/div>\n\t\t\t\t<div class=\"elementor-column elementor-col-25 elementor-top-column elementor-element elementor-element-acbcf21\" data-id=\"acbcf21\" data-element_type=\"column\">\n\t\t\t<div class=\"elementor-widget-wrap elementor-element-populated\">\n\t\t\t\t\t\t<div class=\"elementor-element elementor-element-90b64ee elementor-cta--skin-classic elementor-animated-content elementor-bg-transform elementor-bg-transform-zoom-in elementor-widget elementor-widget-call-to-action\" data-id=\"90b64ee\" data-element_type=\"widget\" data-widget_type=\"call-to-action.default\">\n\t\t\t\t<div class=\"elementor-widget-container\">\n\t\t\t\t\t<a class=\"elementor-cta\" href=\"https:\/\/www.jnodenergy.com\/nl\/productartikel\/r290-alles-in-een-luchtwarmtepomp-voor-installatie-buitenshuis\/\">\n\t\t\t\t\t<div class=\"elementor-cta__bg-wrapper\">\n\t\t\t\t<div class=\"elementor-cta__bg elementor-bg\" style=\"background-image: url(https:\/\/www.jnodenergy.com\/wp-content\/uploads\/2026\/03\/Outdoor-integrated-heat-pump-front.png);\" role=\"img\" aria-label=\"Ge\u00efntegreerde warmtepomp voor buiten\"><\/div>\n\t\t\t\t<div class=\"elementor-cta__bg-overlay\"><\/div>\n\t\t\t<\/div>\n\t\t\t\t\t\t\t<div class=\"elementor-cta__content\">\n\t\t\t\t\n\t\t\t\t\t\t\t\t\t<h4 class=\"elementor-cta__title elementor-cta__content-item elementor-content-item\">\n\t\t\t\t\t\tR290 alles-in-\u00e9\u00e9n warmtepomp voor buiten\t\t\t\t\t<\/h4>\n\t\t\t\t\n\t\t\t\t\n\t\t\t\t\t\t\t\t\t<div class=\"elementor-cta__button-wrapper elementor-cta__content-item elementor-content-item\">\n\t\t\t\t\t<span class=\"elementor-cta__button elementor-button elementor-size-\">\n\t\t\t\t\t\tBekijk product\t\t\t\t\t<\/span>\n\t\t\t\t\t<\/div>\n\t\t\t\t\t\t\t<\/div>\n\t\t\t\t\t\t<\/a>\n\t\t\t\t<\/div>\n\t\t\t\t<\/div>\n\t\t\t\t\t<\/div>\n\t\t<\/div>\n\t\t\t\t\t<\/div>\n\t\t<\/section>\n\t\t\t\t<\/div>","protected":false},"excerpt":{"rendered":"<p>Home Binnenruimtes cre\u00ebren die de gezondheid en het comfort verbeteren R290 Top-blow warmtepomp Bekijk product R290 Alles-in-\u00e9\u00e9n warmtepomp voor binnen Bekijk alle producten R290 Warmtepomp Waterkoker Bekijk alle producten R290 Alles-in-\u00e9\u00e9n warmtepomp voor buiten Bekijk product<\/p>","protected":false},"author":5,"featured_media":1778,"parent":0,"menu_order":0,"comment_status":"closed","ping_status":"closed","template":"","meta":{"_acf_changed":false,"footnotes":""},"class_list":["post-137","page","type-page","status-publish","has-post-thumbnail","hentry"],"acf":[],"yoast_head":"<!-- This site is optimized with the Yoast SEO plugin v23.0 - https:\/\/yoast.com\/wordpress\/plugins\/seo\/ -->\n<title>Innovative Heat Pump Products | JNOD<\/title>\n<meta name=\"description\" content=\"Discover JNOD&#039;s range of innovative and high-quality heat pump products. Find the perfect heat pump for your needs and enjoy reliable performance and energy savings.\" \/>\n<meta name=\"robots\" content=\"index, follow, max-snippet:-1, max-image-preview:large, max-video-preview:-1\" \/>\n<link rel=\"canonical\" href=\"https:\/\/www.jnodenergy.com\/nl\/producten\/\" \/>\n<meta property=\"og:locale\" content=\"nl_NL\" \/>\n<meta property=\"og:type\" content=\"article\" \/>\n<meta property=\"og:title\" content=\"Innovative Heat Pump Products | JNOD\" \/>\n<meta property=\"og:description\" content=\"Discover JNOD&#039;s range of innovative and high-quality heat pump products. Find the perfect heat pump for your needs and enjoy reliable performance and energy savings.\" \/>\n<meta property=\"og:url\" content=\"https:\/\/www.jnodenergy.com\/nl\/producten\/\" \/>\n<meta property=\"og:site_name\" content=\"jnodheatpump\" \/>\n<meta property=\"article:modified_time\" content=\"2026-03-27T01:22:52+00:00\" \/>\n<meta property=\"og:image\" content=\"https:\/\/www.jnodenergy.com\/wp-content\/uploads\/2023\/08\/R32-Mini-Heat-Pump-for-Small-Swimming-Pool-107-e1726814126975.jpg\" \/>\n\t<meta property=\"og:image:width\" content=\"950\" \/>\n\t<meta property=\"og:image:height\" content=\"339\" \/>\n\t<meta property=\"og:image:type\" content=\"image\/jpeg\" \/>\n<meta name=\"twitter:card\" content=\"summary_large_image\" \/>\n<meta name=\"twitter:label1\" content=\"Geschatte leestijd\" \/>\n\t<meta name=\"twitter:data1\" content=\"1 minuut\" \/>\n<script type=\"application\/ld+json\" class=\"yoast-schema-graph\">{\"@context\":\"https:\/\/schema.org\",\"@graph\":[{\"@type\":\"WebPage\",\"@id\":\"https:\/\/www.jnodenergy.com\/products\/\",\"url\":\"https:\/\/www.jnodenergy.com\/products\/\",\"name\":\"Innovative Heat Pump Products | JNOD\",\"isPartOf\":{\"@id\":\"https:\/\/www.jnodenergy.com\/#website\"},\"primaryImageOfPage\":{\"@id\":\"https:\/\/www.jnodenergy.com\/products\/#primaryimage\"},\"image\":{\"@id\":\"https:\/\/www.jnodenergy.com\/products\/#primaryimage\"},\"thumbnailUrl\":\"https:\/\/www.jnodenergy.com\/wp-content\/uploads\/2023\/08\/R32-Mini-Heat-Pump-for-Small-Swimming-Pool-107-e1726814126975.jpg\",\"datePublished\":\"2023-05-23T03:04:04+00:00\",\"dateModified\":\"2026-03-27T01:22:52+00:00\",\"description\":\"Discover JNOD's range of innovative and high-quality heat pump products. Find the perfect heat pump for your needs and enjoy reliable performance and energy savings.\",\"breadcrumb\":{\"@id\":\"https:\/\/www.jnodenergy.com\/products\/#breadcrumb\"},\"inLanguage\":\"nl-NL\",\"potentialAction\":[{\"@type\":\"ReadAction\",\"target\":[\"https:\/\/www.jnodenergy.com\/products\/\"]}]},{\"@type\":\"ImageObject\",\"inLanguage\":\"nl-NL\",\"@id\":\"https:\/\/www.jnodenergy.com\/products\/#primaryimage\",\"url\":\"https:\/\/www.jnodenergy.com\/wp-content\/uploads\/2023\/08\/R32-Mini-Heat-Pump-for-Small-Swimming-Pool-107-e1726814126975.jpg\",\"contentUrl\":\"https:\/\/www.jnodenergy.com\/wp-content\/uploads\/2023\/08\/R32-Mini-Heat-Pump-for-Small-Swimming-Pool-107-e1726814126975.jpg\",\"width\":950,\"height\":339,\"caption\":\"R32 Mini Heat Pump for Small Swimming Pool 107\"},{\"@type\":\"BreadcrumbList\",\"@id\":\"https:\/\/www.jnodenergy.com\/products\/#breadcrumb\",\"itemListElement\":[{\"@type\":\"ListItem\",\"position\":1,\"name\":\"Home\",\"item\":\"https:\/\/www.jnodenergy.com\/\"},{\"@type\":\"ListItem\",\"position\":2,\"name\":\"Products\"}]},{\"@type\":\"WebSite\",\"@id\":\"https:\/\/www.jnodenergy.com\/#website\",\"url\":\"https:\/\/www.jnodenergy.com\/\",\"name\":\"jnodheatpump\",\"description\":\"\",\"potentialAction\":[{\"@type\":\"SearchAction\",\"target\":{\"@type\":\"EntryPoint\",\"urlTemplate\":\"https:\/\/www.jnodenergy.com\/?s={search_term_string}\"},\"query-input\":\"required name=search_term_string\"}],\"inLanguage\":\"nl-NL\"}]}<\/script>\n<!-- \/ Yoast SEO plugin. -->","yoast_head_json":{"title":"Innovative Heat Pump Products | JNOD","description":"Discover JNOD's range of innovative and high-quality heat pump products. Find the perfect heat pump for your needs and enjoy reliable performance and energy savings.","robots":{"index":"index","follow":"follow","max-snippet":"max-snippet:-1","max-image-preview":"max-image-preview:large","max-video-preview":"max-video-preview:-1"},"canonical":"https:\/\/www.jnodenergy.com\/nl\/producten\/","og_locale":"nl_NL","og_type":"article","og_title":"Innovative Heat Pump Products | JNOD","og_description":"Discover JNOD's range of innovative and high-quality heat pump products. Find the perfect heat pump for your needs and enjoy reliable performance and energy savings.","og_url":"https:\/\/www.jnodenergy.com\/nl\/producten\/","og_site_name":"jnodheatpump","article_modified_time":"2026-03-27T01:22:52+00:00","og_image":[{"width":950,"height":339,"url":"https:\/\/www.jnodenergy.com\/wp-content\/uploads\/2023\/08\/R32-Mini-Heat-Pump-for-Small-Swimming-Pool-107-e1726814126975.jpg","type":"image\/jpeg"}],"twitter_card":"summary_large_image","twitter_misc":{"Geschatte leestijd":"1 minuut"},"schema":{"@context":"https:\/\/schema.org","@graph":[{"@type":"WebPage","@id":"https:\/\/www.jnodenergy.com\/products\/","url":"https:\/\/www.jnodenergy.com\/products\/","name":"Innovative Heat Pump Products | JNOD","isPartOf":{"@id":"https:\/\/www.jnodenergy.com\/#website"},"primaryImageOfPage":{"@id":"https:\/\/www.jnodenergy.com\/products\/#primaryimage"},"image":{"@id":"https:\/\/www.jnodenergy.com\/products\/#primaryimage"},"thumbnailUrl":"https:\/\/www.jnodenergy.com\/wp-content\/uploads\/2023\/08\/R32-Mini-Heat-Pump-for-Small-Swimming-Pool-107-e1726814126975.jpg","datePublished":"2023-05-23T03:04:04+00:00","dateModified":"2026-03-27T01:22:52+00:00","description":"Discover JNOD's range of innovative and high-quality heat pump products. Find the perfect heat pump for your needs and enjoy reliable performance and energy savings.","breadcrumb":{"@id":"https:\/\/www.jnodenergy.com\/products\/#breadcrumb"},"inLanguage":"nl-NL","potentialAction":[{"@type":"ReadAction","target":["https:\/\/www.jnodenergy.com\/products\/"]}]},{"@type":"ImageObject","inLanguage":"nl-NL","@id":"https:\/\/www.jnodenergy.com\/products\/#primaryimage","url":"https:\/\/www.jnodenergy.com\/wp-content\/uploads\/2023\/08\/R32-Mini-Heat-Pump-for-Small-Swimming-Pool-107-e1726814126975.jpg","contentUrl":"https:\/\/www.jnodenergy.com\/wp-content\/uploads\/2023\/08\/R32-Mini-Heat-Pump-for-Small-Swimming-Pool-107-e1726814126975.jpg","width":950,"height":339,"caption":"R32 Mini Heat Pump for Small Swimming Pool 107"},{"@type":"BreadcrumbList","@id":"https:\/\/www.jnodenergy.com\/products\/#breadcrumb","itemListElement":[{"@type":"ListItem","position":1,"name":"Home","item":"https:\/\/www.jnodenergy.com\/"},{"@type":"ListItem","position":2,"name":"Products"}]},{"@type":"WebSite","@id":"https:\/\/www.jnodenergy.com\/#website","url":"https:\/\/www.jnodenergy.com\/","name":"jnodheatpump","description":"","potentialAction":[{"@type":"SearchAction","target":{"@type":"EntryPoint","urlTemplate":"https:\/\/www.jnodenergy.com\/?s={search_term_string}"},"query-input":"required name=search_term_string"}],"inLanguage":"nl-NL"}]}},"_links":{"self":[{"href":"https:\/\/www.jnodenergy.com\/nl\/wp-json\/wp\/v2\/pages\/137","targetHints":{"allow":["GET"]}}],"collection":[{"href":"https:\/\/www.jnodenergy.com\/nl\/wp-json\/wp\/v2\/pages"}],"about":[{"href":"https:\/\/www.jnodenergy.com\/nl\/wp-json\/wp\/v2\/types\/page"}],"author":[{"embeddable":true,"href":"https:\/\/www.jnodenergy.com\/nl\/wp-json\/wp\/v2\/users\/5"}],"replies":[{"embeddable":true,"href":"https:\/\/www.jnodenergy.com\/nl\/wp-json\/wp\/v2\/comments?post=137"}],"version-history":[{"count":56,"href":"https:\/\/www.jnodenergy.com\/nl\/wp-json\/wp\/v2\/pages\/137\/revisions"}],"predecessor-version":[{"id":13879,"href":"https:\/\/www.jnodenergy.com\/nl\/wp-json\/wp\/v2\/pages\/137\/revisions\/13879"}],"wp:featuredmedia":[{"embeddable":true,"href":"https:\/\/www.jnodenergy.com\/nl\/wp-json\/wp\/v2\/media\/1778"}],"wp:attachment":[{"href":"https:\/\/www.jnodenergy.com\/nl\/wp-json\/wp\/v2\/media?parent=137"}],"curies":[{"name":"wp","href":"https:\/\/api.w.org\/{rel}","templated":true}]}}